{"id":157,"date":"2024-06-28T16:09:17","date_gmt":"2024-06-28T14:09:17","guid":{"rendered":"https:\/\/www.revesdecigale.fr\/?post_type=product&#038;p=157"},"modified":"2025-03-27T19:45:28","modified_gmt":"2025-03-27T18:45:28","slug":"serviette-de-table-en-lin-lave-blanche-lin-cultive-tisse-et-confectionne-en-france","status":"publish","type":"product","link":"https:\/\/www.revesdecigale.fr\/?product=serviette-de-table-en-lin-lave-blanche-lin-cultive-tisse-et-confectionne-en-france","title":{"rendered":"Serviette de table en lin lav\u00e9 blanche terracotta"},"content":{"rendered":"<p style=\"font-weight: 400;\">Serviette de table en lin lav\u00e9 blanche, lin cultiv\u00e9, tiss\u00e9 et confectionn\u00e9 en France. Une cr\u00e9ation unique 100 % fabrication Fran\u00e7aise. Avec broderie d\u2019une cigale, imagin\u00e9e, cr\u00e9e dans notre atelier \u00e0 Aix en Provence.<\/p>\n","protected":false},"excerpt":{"rendered":"<p style=\"font-weight: 400;\">Serviette de table en lin lav\u00e9 blanche, lin cultiv\u00e9, tiss\u00e9 et confectionn\u00e9 en France. Une cr\u00e9ation unique 100 % fabrication Fran\u00e7aise. Avec broderie d\u2019une cigale, imagin\u00e9e, cr\u00e9e dans notre atelier \u00e0 Aix en Provence.<\/p>\n<p>Entretien 30 degr\u00e9s.<\/p>\n<p>40cm x 40cm.<\/p>\n","protected":false},"featured_media":160,"comment_status":"open","ping_status":"closed","template":"","meta":{"wp_mapbox_gl_js_media":[]},"product_cat":[19,24],"product_tag":[],"class_list":{"0":"post-157","1":"product","2":"type-product","3":"status-publish","4":"has-post-thumbnail","6":"product_cat-non-classe","7":"product_cat-terracota","9":"first","10":"instock","11":"taxable","12":"shipping-taxable","13":"purchasable","14":"product-type-simple"},"yoast_head":"<!-- This site is optimized with the Yoast SEO plugin v23.0 - https:\/\/yoast.com\/wordpress\/plugins\/seo\/ -->\n<title>Serviette de table en lin lav\u00e9 blanche terracotta - R\u00eaves de cigale<\/title>\n<meta name=\"robots\" content=\"index, follow, max-snippet:-1, max-image-preview:large, max-video-preview:-1\" \/>\n<link rel=\"canonical\" href=\"https:\/\/www.revesdecigale.fr\/?product=serviette-de-table-en-lin-lave-blanche-lin-cultive-tisse-et-confectionne-en-france\" \/>\n<meta property=\"og:locale\" content=\"fr_FR\" \/>\n<meta property=\"og:type\" content=\"article\" \/>\n<meta property=\"og:title\" content=\"Serviette de table en lin lav\u00e9 blanche terracotta - R\u00eaves de cigale\" \/>\n<meta property=\"og:description\" content=\"Serviette de table en lin lav\u00e9 blanche, lin cultiv\u00e9, tiss\u00e9 et confectionn\u00e9 en France. Une cr\u00e9ation unique 100 % fabrication Fran\u00e7aise. Avec broderie d\u2019une cigale, imagin\u00e9e, cr\u00e9e dans notre atelier \u00e0 Aix en Provence. Entretien 30 degr\u00e9s.  40cm x 40cm.\" \/>\n<meta property=\"og:url\" content=\"https:\/\/www.revesdecigale.fr\/?product=serviette-de-table-en-lin-lave-blanche-lin-cultive-tisse-et-confectionne-en-france\" \/>\n<meta property=\"og:site_name\" content=\"R\u00eaves de cigale\" \/>\n<meta property=\"article:modified_time\" content=\"2025-03-27T18:45:28+00:00\" \/>\n<meta property=\"og:image\" content=\"https:\/\/www.revesdecigale.fr\/wp-content\/uploads\/2024\/06\/IMG_1583-scaled.jpg\" \/>\n\t<meta property=\"og:image:width\" content=\"2560\" \/>\n\t<meta property=\"og:image:height\" content=\"2560\" \/>\n\t<meta property=\"og:image:type\" content=\"image\/jpeg\" \/>\n<meta name=\"twitter:card\" content=\"summary_large_image\" \/>\n<meta name=\"twitter:label1\" content=\"Dur\u00e9e de lecture estim\u00e9e\" \/>\n\t<meta name=\"twitter:data1\" content=\"1 minute\" \/>\n<script type=\"application\/ld+json\" class=\"yoast-schema-graph\">{\"@context\":\"https:\/\/schema.org\",\"@graph\":[{\"@type\":\"WebPage\",\"@id\":\"https:\/\/www.revesdecigale.fr\/?product=serviette-de-table-en-lin-lave-blanche-lin-cultive-tisse-et-confectionne-en-france\",\"url\":\"https:\/\/www.revesdecigale.fr\/?product=serviette-de-table-en-lin-lave-blanche-lin-cultive-tisse-et-confectionne-en-france\",\"name\":\"Serviette de table en lin lav\u00e9 blanche terracotta - R\u00eaves de cigale\",\"isPartOf\":{\"@id\":\"https:\/\/www.revesdecigale.fr\/#website\"},\"primaryImageOfPage\":{\"@id\":\"https:\/\/www.revesdecigale.fr\/?product=serviette-de-table-en-lin-lave-blanche-lin-cultive-tisse-et-confectionne-en-france#primaryimage\"},\"image\":{\"@id\":\"https:\/\/www.revesdecigale.fr\/?product=serviette-de-table-en-lin-lave-blanche-lin-cultive-tisse-et-confectionne-en-france#primaryimage\"},\"thumbnailUrl\":\"https:\/\/www.revesdecigale.fr\/wp-content\/uploads\/2024\/06\/IMG_1583-scaled.jpg\",\"datePublished\":\"2024-06-28T14:09:17+00:00\",\"dateModified\":\"2025-03-27T18:45:28+00:00\",\"breadcrumb\":{\"@id\":\"https:\/\/www.revesdecigale.fr\/?product=serviette-de-table-en-lin-lave-blanche-lin-cultive-tisse-et-confectionne-en-france#breadcrumb\"},\"inLanguage\":\"fr-FR\",\"potentialAction\":[{\"@type\":\"ReadAction\",\"target\":[\"https:\/\/www.revesdecigale.fr\/?product=serviette-de-table-en-lin-lave-blanche-lin-cultive-tisse-et-confectionne-en-france\"]}]},{\"@type\":\"ImageObject\",\"inLanguage\":\"fr-FR\",\"@id\":\"https:\/\/www.revesdecigale.fr\/?product=serviette-de-table-en-lin-lave-blanche-lin-cultive-tisse-et-confectionne-en-france#primaryimage\",\"url\":\"https:\/\/www.revesdecigale.fr\/wp-content\/uploads\/2024\/06\/IMG_1583-scaled.jpg\",\"contentUrl\":\"https:\/\/www.revesdecigale.fr\/wp-content\/uploads\/2024\/06\/IMG_1583-scaled.jpg\",\"width\":2560,\"height\":2560,\"caption\":\"Serviette de table en lin lav\u00e9 blanche, tiss\u00e9 et confectionn\u00e9 en France, broderie cigale - R\u00eaves de cigale\"},{\"@type\":\"BreadcrumbList\",\"@id\":\"https:\/\/www.revesdecigale.fr\/?product=serviette-de-table-en-lin-lave-blanche-lin-cultive-tisse-et-confectionne-en-france#breadcrumb\",\"itemListElement\":[{\"@type\":\"ListItem\",\"position\":1,\"name\":\"Accueil\",\"item\":\"https:\/\/www.revesdecigale.fr\/\"},{\"@type\":\"ListItem\",\"position\":2,\"name\":\"Boutique\",\"item\":\"https:\/\/www.revesdecigale.fr\/?page_id=107\"},{\"@type\":\"ListItem\",\"position\":3,\"name\":\"Serviette de table en lin lav\u00e9 blanche terracotta\"}]},{\"@type\":\"WebSite\",\"@id\":\"https:\/\/www.revesdecigale.fr\/#website\",\"url\":\"https:\/\/www.revesdecigale.fr\/\",\"name\":\"R\u00eaves de cigale\",\"description\":\"Serviettes et sachets de lavande brod\u00e9s \u00e0 la main\",\"publisher\":{\"@id\":\"https:\/\/www.revesdecigale.fr\/#organization\"},\"potentialAction\":[{\"@type\":\"SearchAction\",\"target\":{\"@type\":\"EntryPoint\",\"urlTemplate\":\"https:\/\/www.revesdecigale.fr\/?s={search_term_string}\"},\"query-input\":\"required name=search_term_string\"}],\"inLanguage\":\"fr-FR\"},{\"@type\":\"Organization\",\"@id\":\"https:\/\/www.revesdecigale.fr\/#organization\",\"name\":\"R\u00eaves de cigale\",\"url\":\"https:\/\/www.revesdecigale.fr\/\",\"logo\":{\"@type\":\"ImageObject\",\"inLanguage\":\"fr-FR\",\"@id\":\"https:\/\/www.revesdecigale.fr\/#\/schema\/logo\/image\/\",\"url\":\"https:\/\/www.revesdecigale.fr\/wp-content\/uploads\/2024\/06\/LOGO-REVES-DE-CIGALE-1.png\",\"contentUrl\":\"https:\/\/www.revesdecigale.fr\/wp-content\/uploads\/2024\/06\/LOGO-REVES-DE-CIGALE-1.png\",\"width\":351,\"height\":100,\"caption\":\"R\u00eaves de cigale\"},\"image\":{\"@id\":\"https:\/\/www.revesdecigale.fr\/#\/schema\/logo\/image\/\"}}]}<\/script>\n<!-- \/ Yoast SEO plugin. -->","yoast_head_json":{"title":"Serviette de table en lin lav\u00e9 blanche terracotta - R\u00eaves de cigale","robots":{"index":"index","follow":"follow","max-snippet":"max-snippet:-1","max-image-preview":"max-image-preview:large","max-video-preview":"max-video-preview:-1"},"canonical":"https:\/\/www.revesdecigale.fr\/?product=serviette-de-table-en-lin-lave-blanche-lin-cultive-tisse-et-confectionne-en-france","og_locale":"fr_FR","og_type":"article","og_title":"Serviette de table en lin lav\u00e9 blanche terracotta - R\u00eaves de cigale","og_description":"Serviette de table en lin lav\u00e9 blanche, lin cultiv\u00e9, tiss\u00e9 et confectionn\u00e9 en France. Une cr\u00e9ation unique 100 % fabrication Fran\u00e7aise. Avec broderie d\u2019une cigale, imagin\u00e9e, cr\u00e9e dans notre atelier \u00e0 Aix en Provence. Entretien 30 degr\u00e9s.  40cm x 40cm.","og_url":"https:\/\/www.revesdecigale.fr\/?product=serviette-de-table-en-lin-lave-blanche-lin-cultive-tisse-et-confectionne-en-france","og_site_name":"R\u00eaves de cigale","article_modified_time":"2025-03-27T18:45:28+00:00","og_image":[{"width":2560,"height":2560,"url":"https:\/\/www.revesdecigale.fr\/wp-content\/uploads\/2024\/06\/IMG_1583-scaled.jpg","type":"image\/jpeg"}],"twitter_card":"summary_large_image","twitter_misc":{"Dur\u00e9e de lecture estim\u00e9e":"1 minute"},"schema":{"@context":"https:\/\/schema.org","@graph":[{"@type":"WebPage","@id":"https:\/\/www.revesdecigale.fr\/?product=serviette-de-table-en-lin-lave-blanche-lin-cultive-tisse-et-confectionne-en-france","url":"https:\/\/www.revesdecigale.fr\/?product=serviette-de-table-en-lin-lave-blanche-lin-cultive-tisse-et-confectionne-en-france","name":"Serviette de table en lin lav\u00e9 blanche terracotta - R\u00eaves de cigale","isPartOf":{"@id":"https:\/\/www.revesdecigale.fr\/#website"},"primaryImageOfPage":{"@id":"https:\/\/www.revesdecigale.fr\/?product=serviette-de-table-en-lin-lave-blanche-lin-cultive-tisse-et-confectionne-en-france#primaryimage"},"image":{"@id":"https:\/\/www.revesdecigale.fr\/?product=serviette-de-table-en-lin-lave-blanche-lin-cultive-tisse-et-confectionne-en-france#primaryimage"},"thumbnailUrl":"https:\/\/www.revesdecigale.fr\/wp-content\/uploads\/2024\/06\/IMG_1583-scaled.jpg","datePublished":"2024-06-28T14:09:17+00:00","dateModified":"2025-03-27T18:45:28+00:00","breadcrumb":{"@id":"https:\/\/www.revesdecigale.fr\/?product=serviette-de-table-en-lin-lave-blanche-lin-cultive-tisse-et-confectionne-en-france#breadcrumb"},"inLanguage":"fr-FR","potentialAction":[{"@type":"ReadAction","target":["https:\/\/www.revesdecigale.fr\/?product=serviette-de-table-en-lin-lave-blanche-lin-cultive-tisse-et-confectionne-en-france"]}]},{"@type":"ImageObject","inLanguage":"fr-FR","@id":"https:\/\/www.revesdecigale.fr\/?product=serviette-de-table-en-lin-lave-blanche-lin-cultive-tisse-et-confectionne-en-france#primaryimage","url":"https:\/\/www.revesdecigale.fr\/wp-content\/uploads\/2024\/06\/IMG_1583-scaled.jpg","contentUrl":"https:\/\/www.revesdecigale.fr\/wp-content\/uploads\/2024\/06\/IMG_1583-scaled.jpg","width":2560,"height":2560,"caption":"Serviette de table en lin lav\u00e9 blanche, tiss\u00e9 et confectionn\u00e9 en France, broderie cigale - R\u00eaves de cigale"},{"@type":"BreadcrumbList","@id":"https:\/\/www.revesdecigale.fr\/?product=serviette-de-table-en-lin-lave-blanche-lin-cultive-tisse-et-confectionne-en-france#breadcrumb","itemListElement":[{"@type":"ListItem","position":1,"name":"Accueil","item":"https:\/\/www.revesdecigale.fr\/"},{"@type":"ListItem","position":2,"name":"Boutique","item":"https:\/\/www.revesdecigale.fr\/?page_id=107"},{"@type":"ListItem","position":3,"name":"Serviette de table en lin lav\u00e9 blanche terracotta"}]},{"@type":"WebSite","@id":"https:\/\/www.revesdecigale.fr\/#website","url":"https:\/\/www.revesdecigale.fr\/","name":"R\u00eaves de cigale","description":"Serviettes et sachets de lavande brod\u00e9s \u00e0 la main","publisher":{"@id":"https:\/\/www.revesdecigale.fr\/#organization"},"potentialAction":[{"@type":"SearchAction","target":{"@type":"EntryPoint","urlTemplate":"https:\/\/www.revesdecigale.fr\/?s={search_term_string}"},"query-input":"required name=search_term_string"}],"inLanguage":"fr-FR"},{"@type":"Organization","@id":"https:\/\/www.revesdecigale.fr\/#organization","name":"R\u00eaves de cigale","url":"https:\/\/www.revesdecigale.fr\/","logo":{"@type":"ImageObject","inLanguage":"fr-FR","@id":"https:\/\/www.revesdecigale.fr\/#\/schema\/logo\/image\/","url":"https:\/\/www.revesdecigale.fr\/wp-content\/uploads\/2024\/06\/LOGO-REVES-DE-CIGALE-1.png","contentUrl":"https:\/\/www.revesdecigale.fr\/wp-content\/uploads\/2024\/06\/LOGO-REVES-DE-CIGALE-1.png","width":351,"height":100,"caption":"R\u00eaves de cigale"},"image":{"@id":"https:\/\/www.revesdecigale.fr\/#\/schema\/logo\/image\/"}}]}},"jetpack_sharing_enabled":true,"_links":{"self":[{"href":"https:\/\/www.revesdecigale.fr\/index.php?rest_route=\/wp\/v2\/product\/157","targetHints":{"allow":["GET"]}}],"collection":[{"href":"https:\/\/www.revesdecigale.fr\/index.php?rest_route=\/wp\/v2\/product"}],"about":[{"href":"https:\/\/www.revesdecigale.fr\/index.php?rest_route=\/wp\/v2\/types\/product"}],"replies":[{"embeddable":true,"href":"https:\/\/www.revesdecigale.fr\/index.php?rest_route=%2Fwp%2Fv2%2Fcomments&post=157"}],"wp:featuredmedia":[{"embeddable":true,"href":"https:\/\/www.revesdecigale.fr\/index.php?rest_route=\/wp\/v2\/media\/160"}],"wp:attachment":[{"href":"https:\/\/www.revesdecigale.fr\/index.php?rest_route=%2Fwp%2Fv2%2Fmedia&parent=157"}],"wp:term":[{"taxonomy":"product_cat","embeddable":true,"href":"https:\/\/www.revesdecigale.fr\/index.php?rest_route=%2Fwp%2Fv2%2Fproduct_cat&post=157"},{"taxonomy":"product_tag","embeddable":true,"href":"https:\/\/www.revesdecigale.fr\/index.php?rest_route=%2Fwp%2Fv2%2Fproduct_tag&post=157"}],"curies":[{"name":"wp","href":"https:\/\/api.w.org\/{rel}","templated":true}]}}